{"id":27,"date":"2015-12-04T16:29:52","date_gmt":"2015-12-04T16:29:52","guid":{"rendered":"http:\/\/www.biogaslechero.cl\/?page_id=27"},"modified":"2017-03-28T13:59:03","modified_gmt":"2017-03-28T13:59:03","slug":"proyecto","status":"publish","type":"page","link":"https:\/\/biogaslechero.minenergia.cl\/?page_id=27","title":{"rendered":"Proyecto"},"content":{"rendered":"<p><img loading=\"lazy\" decoding=\"async\" class=\"wp-image-373 size-full alignleft\" style=\"margin-bottom: 80px;\" src=\"http:\/\/www.biogaslechero.cl\/wp-content\/uploads\/2015\/12\/proyecto-1.jpg\" alt=\"proyecto-1\" width=\"500\" height=\"232\" srcset=\"https:\/\/biogaslechero.minenergia.cl\/wp-content\/uploads\/2015\/12\/proyecto-1.jpg 500w, https:\/\/biogaslechero.minenergia.cl\/wp-content\/uploads\/2015\/12\/proyecto-1-300x139.jpg 300w\" sizes=\"auto, (max-width: 500px) 100vw, 500px\" \/>En el marco del Programa Estrat\u00e9gico del FMAM-5 (\u00e1rea focal del Fondo para el Medio Ambiente Mundial para el cambio clim\u00e1tico), el Ministerio de Energ\u00eda, asistido t\u00e9cnicamente por la Organizaci\u00f3n de Naciones Unidas para el Desarrollo Industrial (<b>ONUDI<\/b>) lidera el proyecto <i>Promoviendo el desarrollo de la energ\u00eda a biog\u00e1s en peque\u00f1as y medianas agroindustrias seleccionadas, <\/i>el cual tiene por <u><b>objetivo<\/b><\/u> reducir las emisiones de gases de efecto invernadero (GEI) promoviendo la inversi\u00f3n y el desarrollo del mercado de tecnolog\u00edas de energ\u00eda a biog\u00e1s en PYMES del sector lechero, al mismo tiempo aumentar el conocimiento de estas tecnolog\u00edas y el rol que pueden tener en el abastecimiento de energ\u00eda limpia y segura a largo plazo.<\/p>\n<p>Por su parte, el proyecto busca aumentar la generaci\u00f3n de ERNC en PYMES del rubro lechero regional, a fin de potenciar la econom\u00eda local creando una nueva industria local sustentable, valorizando un residuo, reduciendo los costos por concepto de energ\u00eda y mitigando las emisiones Gases de Efecto Invernadero (GEI).<\/p>\n<p>Para este proyecto y dada su relevancia en Chile, se consider\u00f3 el sector lechero y en especial las Regiones Los Lagos y Los R\u00edos por poseer las mayores tasas de producci\u00f3n de leche del pa\u00eds.<\/p>\n<p>Como p\u00fablico objetivo se consideran aquellos productores de entre 100 y 500 cabezas de ganado, por ser este segmento mayoritario (cerca de un 40%), competitivo, con acceso a informaci\u00f3n y financiamiento.<\/p>\n<h3><strong>\u00bfPor qu\u00e9 el sector lechero?<\/strong><\/h3>\n<p style=\"text-align: right;\"><img loading=\"lazy\" decoding=\"async\" class=\"alignleft wp-image-374\" style=\"margin-bottom: 20px;\" src=\"http:\/\/www.biogaslechero.cl\/wp-content\/uploads\/2015\/12\/proyecto-2-300x141.jpg\" alt=\"proyecto-2\" width=\"340\" height=\"160\" srcset=\"https:\/\/biogaslechero.minenergia.cl\/wp-content\/uploads\/2015\/12\/proyecto-2-300x141.jpg 300w, https:\/\/biogaslechero.minenergia.cl\/wp-content\/uploads\/2015\/12\/proyecto-2.jpg 656w\" sizes=\"auto, (max-width: 340px) 100vw, 340px\" \/>\u2022 Industria alta en emisi\u00f3n de Gases de Efecto Invernadero (GEI) debido a pozos purineros. De acuerdo a datos de la FAO, el ganado Bovino (carne y leche) generan el 65% del total de emisiones GEI de toda la ganader\u00eda mundial (la ganader\u00eda a nivel mundial aporta 7.1 Giga toneladas de CO2 equivalente a\u00f1o).<br \/>\n\u2022 Industria consolidada, concentrada geogr\u00e1ficamente.<br \/>\n\u2022 Importante para el desarrollo econ\u00f3mico local.<br \/>\n\u2022 Gran potencial de aprovechamiento energ\u00e9tico de los purines y del suero que hoy son un residuo.<\/p>\n<h3><strong>Problema, barreras y l\u00edneas de trabajo<\/strong><\/h3>\n<p><img loading=\"lazy\" decoding=\"async\" class=\"alignleft wp-image-429 size-full\" style=\"margin-bottom: 50px; margin-top: 30px;\" src=\"http:\/\/www.biogaslechero.cl\/wp-content\/uploads\/2015\/12\/purinero_1_AC-1.jpg\" alt=\"\" width=\"480\" height=\"297\" srcset=\"https:\/\/biogaslechero.minenergia.cl\/wp-content\/uploads\/2015\/12\/purinero_1_AC-1.jpg 1776w, https:\/\/biogaslechero.minenergia.cl\/wp-content\/uploads\/2015\/12\/purinero_1_AC-1-300x186.jpg 300w, https:\/\/biogaslechero.minenergia.cl\/wp-content\/uploads\/2015\/12\/purinero_1_AC-1-768x475.jpg 768w, https:\/\/biogaslechero.minenergia.cl\/wp-content\/uploads\/2015\/12\/purinero_1_AC-1-1024x634.jpg 1024w, https:\/\/biogaslechero.minenergia.cl\/wp-content\/uploads\/2015\/12\/purinero_1_AC-1-660x408.jpg 660w\" sizes=\"auto, (max-width: 480px) 100vw, 480px\" \/>Chile no posee una matriz energ\u00e9tica diversificada, dependiendo mayoritariamente de combustibles f\u00f3siles externos, lo que hace al sector energ\u00e9tico y a la econom\u00eda en general, muy vulnerable ante acontecimientos ex\u00f3genos (corte de gas desde Argentina, guerra por petr\u00f3leo en medio oriente, inviernos m\u00e1s fr\u00edos en Norteam\u00e9rica o Europa, etc), lo que se traduce en grandes inversiones y elevados costos de la energ\u00eda, socavando la competitividad de la econom\u00eda del pa\u00eds.<\/p>\n<p>Por otro lado, la generaci\u00f3n de energ\u00eda en base a combustibles f\u00f3siles genera un alto impacto en la generaci\u00f3n de Gases de Efecto Invernadero, raz\u00f3n por lo cual el Gobierno de Chile ha decidido a avanzar en una nueva Agenda de Energ\u00eda que fomente la generaci\u00f3n de energ\u00eda confiable, sustentable, inclusiva y a precios razonables fomentando, entre otras cosas, el desarrollo de la energ\u00eda renovable.<\/p>\n<p>Dentro de las barreras para desarrollar la industria del biog\u00e1s en Chile se encuentran:<\/p>\n<p>\u2022 <strong>Barreras regulatorias:<\/strong> falta o carencia de normativas aplicables para la construcci\u00f3n de instalaciones de digesti\u00f3n anaer\u00f3bica o comercializaci\u00f3n del digestato (material de salida del proceso anaer\u00f3bico); desconocimiento por Ley Net Billing (Ley 20.571) cuyo reglamento sali\u00f3 en 2014; desconocimiento en cuanto a procesos de registros ante la SEC, entre otros.<\/p>\n<p>\u2022 <strong>Barreras tecnol\u00f3gicas:<\/strong> poca oferta profesional a peque\u00f1a y mediana escala; baja capacitaci\u00f3n t\u00e9cnica y profesional para construir y operar biodigestores; escaza oferta t\u00e9cnica de soluciones personalizadas bajo la realidad clim\u00e1tica y operacional del sur del pa\u00eds.<\/p>\n<p>\u2022 Falta mayor claridad de modelos de negocios que hagan atractivo la generaci\u00f3n de biog\u00e1s para los peque\u00f1os y medianos agricultores puesto que la energ\u00eda no es un tema tan relevante para ellos por lo que la estrategia comercial para rentabilizar estas plantas probablemente deba considerar un mix entre energ\u00eda y uso del digestato como abono natural que evite la compra de fertilizantes; o ver la cogeneraci\u00f3n como una oportunidad para autoconsumo de electricidad y calor, analizando la venta de excedentes a la red. Analizar la generaci\u00f3n predial vs la generaci\u00f3n centralizada como ocurre en otros pa\u00edses, siendo este \u00faltimo modelo, una forma que dada las distancias y condiciones comerciales y tecnol\u00f3gicas, puede no funcionar en Chile.<\/p>\n<p>\u2022 <strong>Barreras de informaci\u00f3n:<\/strong> asimetr\u00eda de informaci\u00f3n y falta de datos reales para los productores agr\u00edcolas de las regiones Los Lagos y Los R\u00edos, bajo condiciones de campo.<\/p>\n<p>\u2022 <strong>Barreras financieras:<\/strong> \u00e9sta barrera se ubica en varios puntos de la cadena de valor ya que a\u00fan es una tecnolog\u00eda cara y as\u00ed como los estudios asociados. Por su parte el sector peque\u00f1o y mediano no siempre califican para recibir cr\u00e9ditos de bancos comerciales, lo que hace m\u00e1s complejo el aventurarse con nuevas tecnolog\u00edas y procedimientos.<\/p>\n<p><strong><img loading=\"lazy\" decoding=\"async\" class=\"alignright wp-image-382 size-medium\" src=\"http:\/\/www.biogaslechero.cl\/wp-content\/uploads\/2015\/12\/proyecto-4-e1451496791441-300x177.jpg\" alt=\"proyecto-4\" width=\"300\" height=\"177\" \/>Qu\u00e9 esperamos: Incentivar el desarrollo de una industria local en torno al biog\u00e1s:<\/strong><br \/>\n\u2022 Generando experiencia y conocimiento para el desarrollo de nuevas pol\u00edticas p\u00fablicas (normativa, incentivos).<br \/>\n\u2022 Transfiriendo capacidades t\u00e9cnicas a desarrolladores, operadores, proveedores e instaladores.<br \/>\n\u2022 Creando una cartera de proyectos demostrativos exitosos.<\/p>\n<h3><strong>Componentes del proyecto<\/strong><\/h3>\n<p>Para superar las barreras mencionadas, el proyecto ha definido trabajar en cuatro l\u00edneas de trabajo o componentes principales:<\/p>\n<table border=\"0\" width=\"100%\" cellspacing=\"10\" cellpadding=\"10\">\n<tbody>\n<tr>\n<td align=\"center\"><b>Componente<\/b><\/td>\n<td align=\"center\"><b>Resultado esperado<\/b><\/td>\n<td align=\"center\"><b>Productos esperados<\/b><\/td>\n<\/tr>\n<tr>\n<td style=\"color: #ffffff;\" rowspan=\"2\" valign=\"top\" bgcolor=\"#38984f\"><b>1.POL\u00cdTICA E INFORMACI\u00d3N.<\/b><b>\u00a0<\/b><\/td>\n<td style=\"color: #ffffff;\" rowspan=\"2\" valign=\"top\" bgcolor=\"#38984f\">Fortalecer la pol\u00edtica y la informaci\u00f3n dirigida al desarrollo de electricidad en base a biog\u00e1s y generaci\u00f3n de calor en agroindustrias, con foco en el sector lechero.<\/td>\n<td style=\"color: #ffffff;\" bgcolor=\"#38984f\"><strong>1.1.\u00a0<\/strong>Preparaci\u00f3n y apoyo para la adopci\u00f3n de regulaciones secundarias que promuevan las plantas de biog\u00e1s en agroindustrias.<\/td>\n<\/tr>\n<tr>\n<td style=\"color: #ffffff;\" bgcolor=\"#38984f\"><strong>1.2.<\/strong> Recopilaci\u00f3n y consolidaci\u00f3n de par\u00e1metros t\u00e9cnicos, financieros y econ\u00f3micos para proyectos de energ\u00eda a biog\u00e1s en peque\u00f1as y medianas agroindustrias<\/td>\n<\/tr>\n<tr>\n<td style=\"color: #000000;\" rowspan=\"2\" valign=\"top\" bgcolor=\"#8FE2A3\"><b>2.CAPACIDADES T\u00c9CNICAS Y HABILIDADES DE EJECUCI\u00d3N<\/b><b>\u00a0<\/b><\/td>\n<td style=\"color: #000000;\" rowspan=\"2\" valign=\"top\" bgcolor=\"#8FE2A3\">Incrementar buenas pr\u00e1cticas en el dise\u00f1o, instalaci\u00f3n y operaci\u00f3n de plantas de biog\u00e1s en el sector agroindustrial.<\/td>\n<td style=\"color: #000000;\" bgcolor=\"#8FE2A3\"><strong>2.1.<\/strong> Especificaci\u00f3n y dise\u00f1o de un programa de capacitaci\u00f3n y certificaci\u00f3n para desarrolladores de proyectos, proveedores, instaladores y operadores de sistemas de energ\u00eda a biog\u00e1s en agroindustrias.<\/td>\n<\/tr>\n<tr>\n<td style=\"color: #000000;\" bgcolor=\"#8FE2A3\"><strong>2.2.<\/strong> Capacitaci\u00f3n y certificaci\u00f3n de potenciales desarrolladores de proyectos, proveedores, empresas instaladoras y operadores de plantas de energ\u00eda basadas en biog\u00e1s.<\/td>\n<\/tr>\n<tr>\n<td style=\"color: #ffffff;\" rowspan=\"4\" valign=\"top\" bgcolor=\"#38984F\"><b>3.INVERSIONES Y CARTERA DE PROYECTOS<\/b><b>\u00a0<\/b><b>\u00a0<\/b><b>\u00a0<\/b><\/td>\n<td style=\"color: #ffffff;\" rowspan=\"4\" valign=\"top\" bgcolor=\"#38984F\">Se ha adoptado la energ\u00eda a biog\u00e1s en las agroindustrias seleccionadas.<\/td>\n<td style=\"color: #ffffff;\" bgcolor=\"#38984F\"><strong>3.1.<\/strong> Asistencia t\u00e9cnica a peque\u00f1as y medianas agroindustrias para el desarrollo de proyectos de energ\u00eda a biog\u00e1s.<\/td>\n<\/tr>\n<tr>\n<td style=\"color: #ffffff;\" bgcolor=\"#38984F\"><strong>3.2.<\/strong> Promoci\u00f3n y difusi\u00f3n de informaci\u00f3n y mejores pr\u00e1cticas relacionadas con la tecnolog\u00eda de energ\u00eda a biog\u00e1s en peque\u00f1as y medianas agroindustrias en Chile.<\/td>\n<\/tr>\n<tr>\n<td style=\"color: #ffffff;\" bgcolor=\"#38984F\"><strong>3.3.<\/strong> Establecimiento de una cartera de proyectos de energ\u00eda a biog\u00e1s en el sector lechero para postular a financiamiento e implementaci\u00f3n externo iniciado para proyectos de energ\u00eda a biog\u00e1s seleccionados (750 W) mediante el mecanismo de licitaci\u00f3n p\u00fablica.<\/td>\n<\/tr>\n<tr>\n<td style=\"color: #ffffff;\" bgcolor=\"#38984F\"><strong>3.4.<\/strong> Creaci\u00f3n de un entorno favorable para los instrumentos financieros que faciliten el acceso a inversi\u00f3n en plantas de biog\u00e1s para peque\u00f1as y medianas agroindustrias.<\/td>\n<\/tr>\n<tr>\n<td rowspan=\"3\" valign=\"top\" bgcolor=\"#8FE2A3\"><b>4.MONITOREO Y EVALUACI\u00d3N<\/b><b>\u00a0<\/b><\/td>\n<td rowspan=\"3\" valign=\"top\" bgcolor=\"#8FE2A3\">Plan de seguimiento y monitoreo del proyecto.<\/td>\n<td bgcolor=\"#8FE2A3\"><strong>4.1.<\/strong> Se dise\u00f1a y acuerda un plan de monitoreo durante la fase inicial del proyecto.<\/td>\n<\/tr>\n<tr>\n<td bgcolor=\"#8FE2A3\"><strong>4.2.<\/strong> Se monitorea el avance del proyecto en indicadores definidos y el cumplimiento de las directrices de ONUDI (incluido g\u00e9nero).<\/td>\n<\/tr>\n<tr>\n<td bgcolor=\"#8FE2A3\"><strong>4.3.<\/strong> Se realiza una evaluaci\u00f3n de medio t\u00e9rmino y una evaluaci\u00f3n final.<\/td>\n<\/tr>\n<\/tbody>\n<\/table>\n<h3><strong>Duraci\u00f3n del proyecto<\/strong><\/h3>\n<p>4 a\u00f1os (inicio diciembre 2014)<br \/>\n<strong>Presupuesto GEF: 1,7 MMUSD<\/strong><\/p>\n","protected":false},"excerpt":{"rendered":"<p>En el marco del Programa Estrat\u00e9gico del FMAM-5 (\u00e1rea focal del Fondo para el Medio Ambiente Mundial para el cambio clim\u00e1tico), el Ministerio de Energ\u00eda, asistido t\u00e9cnicamente por la Organizaci\u00f3n de Naciones Unidas para el Desarrollo Industrial (ONUDI) lidera el proyecto Promoviendo el desarrollo de la energ\u00eda a biog\u00e1s en peque\u00f1as y medianas agroindustrias seleccionadas, [&hellip;]<\/p>\n","protected":false},"author":3,"featured_media":85,"parent":0,"menu_order":0,"comment_status":"closed","ping_status":"closed","template":"","meta":{"_acf_changed":false,"footnotes":""},"class_list":["post-27","page","type-page","status-publish","has-post-thumbnail","hentry"],"acf":[],"_links":{"self":[{"href":"https:\/\/biogaslechero.minenergia.cl\/index.php?rest_route=\/wp\/v2\/pages\/27","targetHints":{"allow":["GET"]}}],"collection":[{"href":"https:\/\/biogaslechero.minenergia.cl\/index.php?rest_route=\/wp\/v2\/pages"}],"about":[{"href":"https:\/\/biogaslechero.minenergia.cl\/index.php?rest_route=\/wp\/v2\/types\/page"}],"author":[{"embeddable":true,"href":"https:\/\/biogaslechero.minenergia.cl\/index.php?rest_route=\/wp\/v2\/users\/3"}],"replies":[{"embeddable":true,"href":"https:\/\/biogaslechero.minenergia.cl\/index.php?rest_route=%2Fwp%2Fv2%2Fcomments&post=27"}],"version-history":[{"count":53,"href":"https:\/\/biogaslechero.minenergia.cl\/index.php?rest_route=\/wp\/v2\/pages\/27\/revisions"}],"predecessor-version":[{"id":856,"href":"https:\/\/biogaslechero.minenergia.cl\/index.php?rest_route=\/wp\/v2\/pages\/27\/revisions\/856"}],"wp:featuredmedia":[{"embeddable":true,"href":"https:\/\/biogaslechero.minenergia.cl\/index.php?rest_route=\/wp\/v2\/media\/85"}],"wp:attachment":[{"href":"https:\/\/biogaslechero.minenergia.cl\/index.php?rest_route=%2Fwp%2Fv2%2Fmedia&parent=27"}],"curies":[{"name":"wp","href":"https:\/\/api.w.org\/{rel}","templated":true}]}}