{"id":5,"date":"2015-12-04T16:17:41","date_gmt":"2015-12-04T16:17:41","guid":{"rendered":"http:\/\/www.biogaslechero.cl\/?page_id=5"},"modified":"2018-06-12T16:07:44","modified_gmt":"2018-06-12T16:07:44","slug":"directorio","status":"publish","type":"page","link":"https:\/\/biogaslechero.minenergia.cl\/?page_id=5","title":{"rendered":"Directorio"},"content":{"rendered":"<p>La ejecuci\u00f3n del proyecto est\u00e1 liderada por el Ministerio de Energ\u00eda, quien preside el <em>Comit\u00e9 Directorio del Proyecto<\/em> (<strong>CDP<\/strong>), cuyo objetivo es supervigilar la correcta ejecuci\u00f3n del proyecto a nivel nacional y actuar como la m\u00e1xima autoridad con poder de decisi\u00f3n, proporcionado directrices que velen por el cumplimiento de los objetivos del proyecto.<\/p>\n<p>A su vez, se han conformado dos Comit\u00e9s Asesores Regionales del Proyecto (CARP), uno en la Regi\u00f3n de Los R\u00edos y uno en la Regi\u00f3n de Los Lagos, cuyo objetivo es <b>Articular acciones regionales y brindar apoyo t\u00e9cnico a la toma de decisiones que emita el CDP para el logro de los objetivos del proyecto.<\/b><\/p>\n<h3 class=\"title\"><strong>Modelo de Gobernanza del Programa<\/strong><\/h3>\n<p><img loading=\"lazy\" decoding=\"async\" class=\"alignnone size-full wp-image-745\" src=\"http:\/\/www.biogaslechero.cl\/wp-content\/uploads\/2015\/12\/gobernanza-nueva.jpg\" alt=\"gobernanza-nueva\" width=\"797\" height=\"457\" srcset=\"https:\/\/biogaslechero.minenergia.cl\/wp-content\/uploads\/2015\/12\/gobernanza-nueva.jpg 797w, https:\/\/biogaslechero.minenergia.cl\/wp-content\/uploads\/2015\/12\/gobernanza-nueva-300x172.jpg 300w, https:\/\/biogaslechero.minenergia.cl\/wp-content\/uploads\/2015\/12\/gobernanza-nueva-768x440.jpg 768w, https:\/\/biogaslechero.minenergia.cl\/wp-content\/uploads\/2015\/12\/gobernanza-nueva-660x378.jpg 660w\" sizes=\"auto, (max-width: 797px) 100vw, 797px\" \/><\/p>\n<p>&nbsp;<\/p>\n<h3 class=\"title\"><strong>Miembros Comit\u00e9 Directivo<\/strong><\/h3>\n<div class=\"comite\">\n<table border=\"0\" width=\"100%\" cellspacing=\"10\" cellpadding=\"10\">\n<tbody>\n<tr>\n<td colspan=\"2\" valign=\"middle\" bgcolor=\"#225390\" width=\"30%\" height=\"60\"><strong style=\"color: #ffffff;\">Instituci\u00f3n<\/strong><\/td>\n<td valign=\"middle\" bgcolor=\"#5288ca\" width=\"70%\"><strong style=\"color: #ffffff;\">Titular<\/strong><\/td>\n<\/tr>\n<tr>\n<td align=\"left\" valign=\"middle\" bgcolor=\"#FFFFFF\" height=\"80\"><a href=\"http:\/\/www.energia.gob.cl\/\" target=\"_blank\"><strong><img loading=\"lazy\" decoding=\"async\" class=\"alignleft size-full wp-image-398\" src=\"http:\/\/www.biogaslechero.cl\/wp-content\/uploads\/2015\/12\/logos_min_energia.png\" alt=\"logos_min_energia\" width=\"70\" height=\"64\" \/><\/strong><\/a><\/td>\n<td align=\"left\" valign=\"middle\" bgcolor=\"#FFFFFF\"><strong>Ministerio de Energ\u00eda<\/strong><\/td>\n<td bgcolor=\"#FFFFFF\"><strong>Christian Malebr\u00e1n U.<\/strong><br \/>\nProfesional<br \/>\n<strong>Director Programa<\/strong><\/td>\n<\/tr>\n<tr>\n<td align=\"left\" valign=\"middle\" bgcolor=\"#FFFFFF\" height=\"80\"><a href=\"https:\/\/www.thegef.org\/gef\/\" target=\"_blank\"><strong><img loading=\"lazy\" decoding=\"async\" class=\"alignleft size-full wp-image-400\" src=\"http:\/\/www.biogaslechero.cl\/wp-content\/uploads\/2015\/12\/logos_gef.png\" alt=\"logos_gef\" width=\"70\" height=\"80\" \/><\/strong><\/a><\/td>\n<td align=\"left\" valign=\"middle\" bgcolor=\"#FFFFFF\" height=\"80\"><strong>GEF<\/strong><\/td>\n<td bgcolor=\"#FFFFFF\"><strong>Miguel Stutzin<\/strong><br \/>\nPunto Focal Operacional del GEF<\/td>\n<\/tr>\n<tr>\n<td align=\"left\" valign=\"middle\" bgcolor=\"#FFFFFF\" height=\"80\"><a href=\"http:\/\/www.unido.org\/\" target=\"_blank\"><strong><img loading=\"lazy\" decoding=\"async\" class=\"alignleft size-full wp-image-399\" src=\"http:\/\/www.biogaslechero.cl\/wp-content\/uploads\/2015\/12\/logos_onudi.png\" alt=\"logos_onudi\" width=\"70\" height=\"64\" \/><\/strong><\/a><\/td>\n<td align=\"left\" valign=\"middle\" bgcolor=\"#FFFFFF\" height=\"80\"><strong>ONUDI<\/strong><\/td>\n<td bgcolor=\"#FFFFFF\"><strong>Nina Zetsche<\/strong><br \/>\nRenewable and Rural Energy Unit<\/td>\n<\/tr>\n<tr>\n<td align=\"left\" valign=\"middle\" bgcolor=\"#FFFFFF\" height=\"80\"><a href=\"http:\/\/www.energia.gob.cl\/\" target=\"_blank\"><strong><img loading=\"lazy\" decoding=\"async\" class=\"alignleft size-full wp-image-398\" src=\"http:\/\/www.biogaslechero.cl\/wp-content\/uploads\/2015\/12\/logos_min_energia.png\" alt=\"logos_min_energia\" width=\"70\" height=\"64\" \/><\/strong><\/a><\/td>\n<td align=\"left\" valign=\"middle\" bgcolor=\"#FFFFFF\" height=\"80\"><strong>Ministerio de Energ\u00eda <\/strong><\/td>\n<td bgcolor=\"#FFFFFF\"><strong>Gabriel Prudencio<\/strong><br \/>\nJefe Divisi\u00f3n de Energ\u00edas Renovables<\/td>\n<\/tr>\n<tr>\n<td align=\"left\" valign=\"middle\" bgcolor=\"#FFFFFF\" height=\"80\"><a href=\"http:\/\/portal.mma.gob.cl\/\" target=\"_blank\"><strong><img loading=\"lazy\" decoding=\"async\" class=\"alignleft size-full wp-image-396\" src=\"http:\/\/www.biogaslechero.cl\/wp-content\/uploads\/2015\/12\/logos_min_medioambiente.png\" alt=\"logos_min_medioambiente\" width=\"70\" height=\"64\" \/><\/strong><\/a><\/td>\n<td align=\"left\" valign=\"middle\" bgcolor=\"#FFFFFF\" height=\"80\"><strong>Ministerio de Medio Ambiente <\/strong><\/td>\n<td bgcolor=\"#FFFFFF\">\nJefe Oficina de Cambio Clim\u00e1tico<\/td>\n<\/tr>\n<tr>\n<td align=\"left\" valign=\"middle\" bgcolor=\"#FFFFFF\" height=\"80\"><a href=\"http:\/\/www.minagri.gob.cl\/\" target=\"_blank\"><strong><img loading=\"lazy\" decoding=\"async\" class=\"alignleft size-full wp-image-397\" src=\"http:\/\/www.biogaslechero.cl\/wp-content\/uploads\/2015\/12\/logos_min_agricultura.png\" alt=\"logos_min_agricultura\" width=\"70\" height=\"64\" \/><\/strong><\/a><\/td>\n<td align=\"left\" valign=\"middle\" bgcolor=\"#FFFFFF\" height=\"80\"><strong>Ministerio de Agricultura <\/strong><\/td>\n<td bgcolor=\"#FFFFFF\"><strong>Daniel Barrera<\/strong><br \/>\nOficina de Estudios y Pol\u00edicas Agrarias &#8211; ODEPA<\/td>\n<\/tr>\n<\/tbody>\n<\/table>\n<\/div>\n<p>&nbsp;<\/p>\n<h3 class=\"title\"><strong>Instituciones Relacionadas<\/strong><\/h3>\n<p>Al mismo tiempo, se han conformado <em>Comit\u00e9s Asesores Regionales en las Regiones de Los R\u00edos y Los Lagos<\/em> denominados <strong>CARP<\/strong>, cuyo objetivo es articular acciones regionales y brindar apoyo t\u00e9cnico a la toma de decisiones que emita el <strong>CDP<\/strong> para el logro de los objetivos del programa.<\/p>\n<p>El <strong>CARP<\/strong> est\u00e1 conformado en cada regi\u00f3n por miembros de:<\/p>\n<table width=\"100%\" cellspacing=\"0\" cellpadding=\"5\">\n<tbody>\n<tr>\n<td align=\"center\" valign=\"top\" height=\"65\"><a href=\"http:\/\/www.goredelosrios.cl\" target=\"_blank\"><img loading=\"lazy\" decoding=\"async\" class=\"size-full wp-image-406 aligncenter\" src=\"http:\/\/www.biogaslechero.cl\/wp-content\/uploads\/2015\/12\/logos_gob_regional.png\" alt=\"logos_gob_regional\" width=\"70\" height=\"64\" \/><\/a><\/td>\n<td align=\"center\" valign=\"top\"><a href=\"http:\/\/www.goreloslagos.cl\" target=\"_blank\"><img loading=\"lazy\" decoding=\"async\" class=\"wp-image-431 size-full aligncenter\" src=\"http:\/\/www.biogaslechero.cl\/wp-content\/uploads\/2015\/12\/logos_gob_regional_los_lagos.jpg\" alt=\"\" width=\"70\" height=\"64\" \/><\/a><\/td>\n<td align=\"center\" valign=\"top\"><a href=\"http:\/\/www.minagri.gob.cl\/\" target=\"_blank\"><img loading=\"lazy\" decoding=\"async\" class=\"size-full wp-image-397 aligncenter\" src=\"http:\/\/www.biogaslechero.cl\/wp-content\/uploads\/2015\/12\/logos_min_agricultura.png\" alt=\"logos_min_agricultura\" width=\"70\" height=\"64\" \/><\/a><\/td>\n<\/tr>\n<tr>\n<td align=\"center\" valign=\"top\">Gobierno Regional Regi\u00f3n de Los R\u00edos<\/td>\n<td align=\"center\" valign=\"top\">Gobierno Regional Regi\u00f3n de Los Lagos<\/td>\n<td align=\"center\" valign=\"top\">Seremi de Agricultura<\/td>\n<\/tr>\n<tr>\n<td align=\"center\" valign=\"top\" height=\"65\"><a href=\"http:\/\/www.energia.gob.cl\/\" target=\"_blank\"><img loading=\"lazy\" decoding=\"async\" class=\"size-full wp-image-398 aligncenter\" src=\"http:\/\/www.biogaslechero.cl\/wp-content\/uploads\/2015\/12\/logos_min_energia.png\" alt=\"logos_min_energia\" width=\"70\" height=\"64\" \/><\/a><\/td>\n<td align=\"center\" valign=\"top\"><a href=\"http:\/\/portal.mma.gob.cl\/\" target=\"_blank\"><img loading=\"lazy\" decoding=\"async\" class=\"size-full wp-image-396 aligncenter\" src=\"http:\/\/www.biogaslechero.cl\/wp-content\/uploads\/2015\/12\/logos_min_medioambiente.png\" alt=\"logos_min_medioambiente\" width=\"70\" height=\"64\" \/><\/a><\/td>\n<td align=\"center\" valign=\"top\"><a href=\"http:\/\/www.corfo.cl\" target=\"_blank\"><img loading=\"lazy\" decoding=\"async\" class=\"size-full wp-image-405 aligncenter\" src=\"http:\/\/www.biogaslechero.cl\/wp-content\/uploads\/2015\/12\/logos_corfo.png\" alt=\"logos_corfo\" width=\"70\" height=\"64\" \/><\/a><\/td>\n<\/tr>\n<tr>\n<td align=\"center\" valign=\"top\">Seremi de Energ\u00eda<\/td>\n<td align=\"center\" valign=\"top\">Seremi de Medio Ambiente<\/td>\n<td align=\"center\" valign=\"top\">CORFO<\/td>\n<\/tr>\n<tr>\n<td align=\"center\" valign=\"top\" height=\"80\"><a href=\"http:\/\/www.energia.gob.cl\/\" target=\"_blank\"><img loading=\"lazy\" decoding=\"async\" class=\"size-full wp-image-398 aligncenter\" src=\"http:\/\/www.biogaslechero.cl\/wp-content\/uploads\/2015\/12\/logos_min_energia.png\" alt=\"logos_min_energia\" width=\"70\" height=\"64\" \/><\/a><\/td>\n<td align=\"center\" valign=\"top\"><a href=\"http:\/\/www.cpl.cl\/\" target=\"_blank\"><img loading=\"lazy\" decoding=\"async\" class=\"size-full wp-image-404 aligncenter\" src=\"http:\/\/www.biogaslechero.cl\/wp-content\/uploads\/2015\/12\/logos_limpia.png\" alt=\"logos_limpia\" width=\"70\" height=\"64\" \/><\/a><\/td>\n<td align=\"center\" valign=\"top\"><img loading=\"lazy\" decoding=\"async\" class=\"alignnone wp-image-548 \" src=\"http:\/\/www.biogaslechero.cl\/wp-content\/uploads\/2015\/12\/Imagotipo_Consorcio_Lechero_media-1-300x166.jpg\" alt=\"\" width=\"135\" height=\"74\" srcset=\"https:\/\/biogaslechero.minenergia.cl\/wp-content\/uploads\/2015\/12\/Imagotipo_Consorcio_Lechero_media-1-300x166.jpg 300w, https:\/\/biogaslechero.minenergia.cl\/wp-content\/uploads\/2015\/12\/Imagotipo_Consorcio_Lechero_media-1-768x425.jpg 768w, https:\/\/biogaslechero.minenergia.cl\/wp-content\/uploads\/2015\/12\/Imagotipo_Consorcio_Lechero_media-1-1024x567.jpg 1024w, https:\/\/biogaslechero.minenergia.cl\/wp-content\/uploads\/2015\/12\/Imagotipo_Consorcio_Lechero_media-1-660x366.jpg 660w, https:\/\/biogaslechero.minenergia.cl\/wp-content\/uploads\/2015\/12\/Imagotipo_Consorcio_Lechero_media-1.jpg 1749w\" sizes=\"auto, (max-width: 135px) 100vw, 135px\" \/><\/td>\n<\/tr>\n<tr>\n<td align=\"center\" valign=\"top\">Ministerio de Energ\u00eda<\/td>\n<td align=\"center\" valign=\"top\">Consejo Regional de Producci\u00f3n Limpia<\/td>\n<td align=\"center\" valign=\"top\">Consorcio Lechero<\/td>\n<\/tr>\n<\/tbody>\n<\/table>\n","protected":false},"excerpt":{"rendered":"<p>La ejecuci\u00f3n del proyecto est\u00e1 liderada por el Ministerio de Energ\u00eda, quien preside el Comit\u00e9 Directorio del Proyecto (CDP), cuyo objetivo es supervigilar la correcta ejecuci\u00f3n del proyecto a nivel nacional y actuar como la m\u00e1xima autoridad con poder de decisi\u00f3n, proporcionado directrices que velen por el cumplimiento de los objetivos del proyecto. A su [&hellip;]<\/p>\n","protected":false},"author":3,"featured_media":913,"parent":0,"menu_order":0,"comment_status":"closed","ping_status":"closed","template":"","meta":{"_acf_changed":false,"footnotes":""},"class_list":["post-5","page","type-page","status-publish","has-post-thumbnail","hentry"],"acf":[],"_links":{"self":[{"href":"https:\/\/biogaslechero.minenergia.cl\/index.php?rest_route=\/wp\/v2\/pages\/5","targetHints":{"allow":["GET"]}}],"collection":[{"href":"https:\/\/biogaslechero.minenergia.cl\/index.php?rest_route=\/wp\/v2\/pages"}],"about":[{"href":"https:\/\/biogaslechero.minenergia.cl\/index.php?rest_route=\/wp\/v2\/types\/page"}],"author":[{"embeddable":true,"href":"https:\/\/biogaslechero.minenergia.cl\/index.php?rest_route=\/wp\/v2\/users\/3"}],"replies":[{"embeddable":true,"href":"https:\/\/biogaslechero.minenergia.cl\/index.php?rest_route=%2Fwp%2Fv2%2Fcomments&post=5"}],"version-history":[{"count":55,"href":"https:\/\/biogaslechero.minenergia.cl\/index.php?rest_route=\/wp\/v2\/pages\/5\/revisions"}],"predecessor-version":[{"id":914,"href":"https:\/\/biogaslechero.minenergia.cl\/index.php?rest_route=\/wp\/v2\/pages\/5\/revisions\/914"}],"wp:featuredmedia":[{"embeddable":true,"href":"https:\/\/biogaslechero.minenergia.cl\/index.php?rest_route=\/wp\/v2\/media\/913"}],"wp:attachment":[{"href":"https:\/\/biogaslechero.minenergia.cl\/index.php?rest_route=%2Fwp%2Fv2%2Fmedia&parent=5"}],"curies":[{"name":"wp","href":"https:\/\/api.w.org\/{rel}","templated":true}]}}